{"id":33,"date":"2017-03-30T12:50:04","date_gmt":"2017-03-30T12:50:04","guid":{"rendered":"http:\/\/one-world-workshop-project.info\/?page_id=33"},"modified":"2017-04-14T11:39:30","modified_gmt":"2017-04-14T11:39:30","slug":"das-projekt","status":"publish","type":"page","link":"https:\/\/one-world-workshop-project.info\/?page_id=33","title":{"rendered":"Das Projekt"},"content":{"rendered":"<p>Ein internationales Forum als ein physischer Begegnungsort f\u00fcr Pers\u00f6nlichkeiten aus aller Welt, die \u00fcber gro\u00dfe Erfahrung und guten Willen verf\u00fcgen. In einem permanenten Workshop sollen unabh\u00e4ngige, herausragende Vertreter der Bereiche Politik, Wirtschaft, Wissenschaft, Kunst, Philosophie und Religionen an den Fragen einer globalen Verantwortlichkeit arbeiten und miteinander im Austausch sein.<\/p>\n<p>Ihre Ergebnisse sollen mit der \u00d6ffentlichkeit kommuniziert werden. Dadurch, dass sie als G\u00e4ste einer Stiftung f\u00fcr eine gewisse Zeit an dem Projekt gleichberechtigt mitwirken und international die kulturell wesentlichen Bereiche repr\u00e4sentieren, kann sich jeder Teil der Welt vertreten f\u00fchlen.<br \/>\nDas Projekt wirkt nicht durch Entscheidungskompetenz, sondern soll als allseits anerkannte Werkstatt f\u00fcr den mentalen Fortschritt angesehen werden.<\/p>\n<p><img loading=\"lazy\" decoding=\"async\" src=\"https:\/\/one-world-workshop-project.info\/wp-content\/uploads\/2017\/04\/EingangA-1024x576.jpg\" alt=\"\" width=\"800\" height=\"450\" class=\"alignnone size-large wp-image-44\" srcset=\"https:\/\/one-world-workshop-project.info\/wp-content\/uploads\/2017\/04\/EingangA-1024x576.jpg 1024w, https:\/\/one-world-workshop-project.info\/wp-content\/uploads\/2017\/04\/EingangA-300x169.jpg 300w, https:\/\/one-world-workshop-project.info\/wp-content\/uploads\/2017\/04\/EingangA-768x432.jpg 768w\" sizes=\"auto, (max-width: 800px) 100vw, 800px\" \/><\/p>\n","protected":false},"excerpt":{"rendered":"<p>Ein internationales Forum als ein physischer Begegnungsort f\u00fcr Pers\u00f6nlichkeiten aus aller Welt, die \u00fcber gro\u00dfe Erfahrung und guten Willen verf\u00fcgen. In einem permanenten Workshop sollen unabh\u00e4ngige, herausragende Vertreter der Bereiche &#8230;<\/p>\n","protected":false},"author":1,"featured_media":0,"parent":0,"menu_order":0,"comment_status":"closed","ping_status":"closed","template":"","meta":{"footnotes":""},"class_list":["post-33","page","type-page","status-publish","hentry"],"_links":{"self":[{"href":"https:\/\/one-world-workshop-project.info\/index.php?rest_route=\/wp\/v2\/pages\/33","targetHints":{"allow":["GET"]}}],"collection":[{"href":"https:\/\/one-world-workshop-project.info\/index.php?rest_route=\/wp\/v2\/pages"}],"about":[{"href":"https:\/\/one-world-workshop-project.info\/index.php?rest_route=\/wp\/v2\/types\/page"}],"author":[{"embeddable":true,"href":"https:\/\/one-world-workshop-project.info\/index.php?rest_route=\/wp\/v2\/users\/1"}],"replies":[{"embeddable":true,"href":"https:\/\/one-world-workshop-project.info\/index.php?rest_route=%2Fwp%2Fv2%2Fcomments&post=33"}],"version-history":[{"count":13,"href":"https:\/\/one-world-workshop-project.info\/index.php?rest_route=\/wp\/v2\/pages\/33\/revisions"}],"predecessor-version":[{"id":169,"href":"https:\/\/one-world-workshop-project.info\/index.php?rest_route=\/wp\/v2\/pages\/33\/revisions\/169"}],"wp:attachment":[{"href":"https:\/\/one-world-workshop-project.info\/index.php?rest_route=%2Fwp%2Fv2%2Fmedia&parent=33"}],"curies":[{"name":"wp","href":"https:\/\/api.w.org\/{rel}","templated":true}]}}