{"id":25,"date":"2017-03-30T12:36:03","date_gmt":"2017-03-30T12:36:03","guid":{"rendered":"http:\/\/one-world-workshop-project.info\/?page_id=25"},"modified":"2017-04-14T11:33:47","modified_gmt":"2017-04-14T11:33:47","slug":"einfuehrung","status":"publish","type":"page","link":"https:\/\/one-world-workshop-project.info\/?page_id=25","title":{"rendered":""},"content":{"rendered":"<p><strong>In einem Geb\u00e4ude wirken im Rahmen einer Stiftung herausragende Pers\u00f6nlichkeiten aller Regionen und L\u00e4nder der Welt aus den Bereichen der Politik, Wirtschaft, Wissenschaften. Kunst, Philosophie\/Ethik und Religionen jeweils f\u00fcr eine begrenzte Zeit kooperativ an wichtigen Themen der Zukunft der Menschen im globalen Zeitalter. <\/p>\n<p>Die Arbeitsergebnisse stehen in einem lebendigen Dialog mit Menschen aus aller Welt, die sich an Diskussionen beteiligen k\u00f6nnen. Dadurch, dass alle menschliche Bereichen und alle V\u00f6lker gleichberechtigt und frei von Abh\u00e4ngigkeiten und Lobbyismus an der \u00dcberbr\u00fcckung von Gegens\u00e4tzen und am allgemeinen mentalen Fortschritt mitwirken, k\u00f6nnte dies weltweit ein Impuls zur Bildung allseits anerkannter ethischer Grunds\u00e4tze und Entwicklungsziele setzen. <\/p>\n<p>Das Projekt wirkt allein durch die glaubw\u00fcrdige Aufrichtigkeit der Mitwirkenden, durch die Gleichberechtigung aller Anliegen und durch den Respekt gegen\u00fcber allen Unterschieden und Gegens\u00e4tzen.<\/strong><\/p>\n","protected":false},"excerpt":{"rendered":"<p>In einem Geb\u00e4ude wirken im Rahmen einer Stiftung herausragende Pers\u00f6nlichkeiten aller Regionen und L\u00e4nder der Welt aus den Bereichen der Politik, Wirtschaft, Wissenschaften. Kunst, Philosophie\/Ethik und Religionen jeweils f\u00fcr eine &#8230;<\/p>\n","protected":false},"author":1,"featured_media":0,"parent":0,"menu_order":0,"comment_status":"closed","ping_status":"closed","template":"","meta":{"footnotes":""},"class_list":["post-25","page","type-page","status-publish","hentry"],"_links":{"self":[{"href":"https:\/\/one-world-workshop-project.info\/index.php?rest_route=\/wp\/v2\/pages\/25","targetHints":{"allow":["GET"]}}],"collection":[{"href":"https:\/\/one-world-workshop-project.info\/index.php?rest_route=\/wp\/v2\/pages"}],"about":[{"href":"https:\/\/one-world-workshop-project.info\/index.php?rest_route=\/wp\/v2\/types\/page"}],"author":[{"embeddable":true,"href":"https:\/\/one-world-workshop-project.info\/index.php?rest_route=\/wp\/v2\/users\/1"}],"replies":[{"embeddable":true,"href":"https:\/\/one-world-workshop-project.info\/index.php?rest_route=%2Fwp%2Fv2%2Fcomments&post=25"}],"version-history":[{"count":10,"href":"https:\/\/one-world-workshop-project.info\/index.php?rest_route=\/wp\/v2\/pages\/25\/revisions"}],"predecessor-version":[{"id":162,"href":"https:\/\/one-world-workshop-project.info\/index.php?rest_route=\/wp\/v2\/pages\/25\/revisions\/162"}],"wp:attachment":[{"href":"https:\/\/one-world-workshop-project.info\/index.php?rest_route=%2Fwp%2Fv2%2Fmedia&parent=25"}],"curies":[{"name":"wp","href":"https:\/\/api.w.org\/{rel}","templated":true}]}}